{"id":24,"date":"2022-08-23T03:40:23","date_gmt":"2022-08-23T03:40:23","guid":{"rendered":"https:\/\/borderland-partners-dev.ml\/?page_id=24"},"modified":"2025-10-30T12:34:11","modified_gmt":"2025-10-30T16:34:11","slug":"our-company","status":"publish","type":"page","link":"https:\/\/borderland-partners.com\/es\/our-company\/","title":{"rendered":"Nuestra Compa\u00f1\u00eda"},"content":{"rendered":"<div data-elementor-type=\"wp-page\" data-elementor-id=\"24\" class=\"elementor elementor-24\">\n\t\t\t\t\t\t<section class=\"elementor-section elementor-top-section elementor-element elementor-element-57da83c elementor-section-full_width elementor-section-height-default elementor-section-height-default\" data-id=\"57da83c\" data-element_type=\"section\" data-settings=\"{&quot;background_background&quot;:&quot;classic&quot;}\">\n\t\t\t\t\t\t<div class=\"elementor-container elementor-column-gap-default\">\n\t\t\t\t\t<div class=\"elementor-column elementor-col-100 elementor-top-column elementor-element elementor-element-d629dc0\" data-id=\"d629dc0\" data-element_type=\"column\">\n\t\t\t<div class=\"elementor-widget-wrap elementor-element-populated\">\n\t\t\t\t\t\t<div class=\"elementor-element elementor-element-b00d078 elementor-widget elementor-widget-heading\" data-id=\"b00d078\" data-element_type=\"widget\" data-widget_type=\"heading.default\">\n\t\t\t\t<div class=\"elementor-widget-container\">\n\t\t\t\t\t<h1 class=\"elementor-heading-title elementor-size-default\">Nuestra Compa\u00f1\u00eda\n<\/h1>\t\t\t\t<\/div>\n\t\t\t\t<\/div>\n\t\t\t\t<div class=\"elementor-element elementor-element-3fd7f42 elementor-widget elementor-widget-heading\" data-id=\"3fd7f42\" data-element_type=\"widget\" data-widget_type=\"heading.default\">\n\t\t\t\t<div class=\"elementor-widget-container\">\n\t\t\t\t\t<h5 class=\"elementor-heading-title elementor-size-default\">Mejores decisiones, para rehacer el mundo.\n<\/h5>\t\t\t\t<\/div>\n\t\t\t\t<\/div>\n\t\t\t\t\t<\/div>\n\t\t<\/div>\n\t\t\t\t\t<\/div>\n\t\t<\/section>\n\t\t\t\t<section class=\"elementor-section elementor-top-section elementor-element elementor-element-f87af12 elementor-section-boxed elementor-section-height-default elementor-section-height-default\" data-id=\"f87af12\" data-element_type=\"section\">\n\t\t\t\t\t\t<div class=\"elementor-container elementor-column-gap-default\">\n\t\t\t\t\t<div class=\"elementor-column elementor-col-50 elementor-top-column elementor-element elementor-element-8cae27b\" data-id=\"8cae27b\" data-element_type=\"column\">\n\t\t\t<div class=\"elementor-widget-wrap elementor-element-populated\">\n\t\t\t\t\t\t<div class=\"elementor-element elementor-element-ff11b8f animated-slow elementor-invisible elementor-widget elementor-widget-accordion\" data-id=\"ff11b8f\" data-element_type=\"widget\" data-settings=\"{&quot;_animation&quot;:&quot;fadeInRight&quot;}\" data-widget_type=\"accordion.default\">\n\t\t\t\t<div class=\"elementor-widget-container\">\n\t\t\t\t\t\t\t<div class=\"elementor-accordion\">\n\t\t\t\t\t\t\t<div class=\"elementor-accordion-item\">\n\t\t\t\t\t<h5 id=\"elementor-tab-title-2671\" class=\"elementor-tab-title\" data-tab=\"1\" role=\"button\" aria-controls=\"elementor-tab-content-2671\" aria-expanded=\"false\">\n\t\t\t\t\t\t\t\t\t\t\t\t\t<span class=\"elementor-accordion-icon elementor-accordion-icon-left\" aria-hidden=\"true\">\n\t\t\t\t\t\t\t\t\t\t\t\t\t\t\t<span class=\"elementor-accordion-icon-closed\"><i class=\"fas fa-chevron-circle-down\"><\/i><\/span>\n\t\t\t\t\t\t\t\t<span class=\"elementor-accordion-icon-opened\"><i class=\"fas fa-chevron-circle-right\"><\/i><\/span>\n\t\t\t\t\t\t\t\t\t\t\t\t\t\t<\/span>\n\t\t\t\t\t\t\t\t\t\t\t\t<a class=\"elementor-accordion-title\" tabindex=\"0\">Misi\u00f3n<\/a>\n\t\t\t\t\t<\/h5>\n\t\t\t\t\t<div id=\"elementor-tab-content-2671\" class=\"elementor-tab-content elementor-clearfix\" data-tab=\"1\" role=\"region\" aria-labelledby=\"elementor-tab-title-2671\">En Borderland Partners LLC, trabajamos junto con l\u00edderes de organizaciones peque\u00f1as y medianas y sus equipos para mejorar su capacidad de inspirar, innovar, lograr resultados y prosperar a trav\u00e9s de nuestros servicios alineados.<\/div>\n\t\t\t\t<\/div>\n\t\t\t\t\t\t\t<div class=\"elementor-accordion-item\">\n\t\t\t\t\t<h5 id=\"elementor-tab-title-2672\" class=\"elementor-tab-title\" data-tab=\"2\" role=\"button\" aria-controls=\"elementor-tab-content-2672\" aria-expanded=\"false\">\n\t\t\t\t\t\t\t\t\t\t\t\t\t<span class=\"elementor-accordion-icon elementor-accordion-icon-left\" aria-hidden=\"true\">\n\t\t\t\t\t\t\t\t\t\t\t\t\t\t\t<span class=\"elementor-accordion-icon-closed\"><i class=\"fas fa-chevron-circle-down\"><\/i><\/span>\n\t\t\t\t\t\t\t\t<span class=\"elementor-accordion-icon-opened\"><i class=\"fas fa-chevron-circle-right\"><\/i><\/span>\n\t\t\t\t\t\t\t\t\t\t\t\t\t\t<\/span>\n\t\t\t\t\t\t\t\t\t\t\t\t<a class=\"elementor-accordion-title\" tabindex=\"0\">Visi\u00f3n<\/a>\n\t\t\t\t\t<\/h5>\n\t\t\t\t\t<div id=\"elementor-tab-content-2672\" class=\"elementor-tab-content elementor-clearfix\" data-tab=\"2\" role=\"region\" aria-labelledby=\"elementor-tab-title-2672\"><p>Nuestro equipo se esfuerza por rehacer el mundo.<\/p><\/div>\n\t\t\t\t<\/div>\n\t\t\t\t\t\t\t<div class=\"elementor-accordion-item\">\n\t\t\t\t\t<h5 id=\"elementor-tab-title-2673\" class=\"elementor-tab-title\" data-tab=\"3\" role=\"button\" aria-controls=\"elementor-tab-content-2673\" aria-expanded=\"false\">\n\t\t\t\t\t\t\t\t\t\t\t\t\t<span class=\"elementor-accordion-icon elementor-accordion-icon-left\" aria-hidden=\"true\">\n\t\t\t\t\t\t\t\t\t\t\t\t\t\t\t<span class=\"elementor-accordion-icon-closed\"><i class=\"fas fa-chevron-circle-down\"><\/i><\/span>\n\t\t\t\t\t\t\t\t<span class=\"elementor-accordion-icon-opened\"><i class=\"fas fa-chevron-circle-right\"><\/i><\/span>\n\t\t\t\t\t\t\t\t\t\t\t\t\t\t<\/span>\n\t\t\t\t\t\t\t\t\t\t\t\t<a class=\"elementor-accordion-title\" tabindex=\"0\">Valores<\/a>\n\t\t\t\t\t<\/h5>\n\t\t\t\t\t<div id=\"elementor-tab-content-2673\" class=\"elementor-tab-content elementor-clearfix\" data-tab=\"3\" role=\"region\" aria-labelledby=\"elementor-tab-title-2673\"><p><b>Rapidez:<\/b>\u00a0Somos una empresa \u00e1gil. Sabemos que nuestros clientes acuden a nosotros porque necesitan actuar r\u00e1pido para superar los riesgos y desaf\u00edos que ponen en peligro su trabajo.<\/p><p><b>Flexibilidad:<\/b>\u00a0Nos adaptamos a sus necesidades \u00fanicas, brindando asesoramiento y soporte personalizados para ayudarlo a sobresalir.<\/p><p><b>Calidad:<\/b>\u00a0Mantenemos est\u00e1ndares rigurosos para todo nuestro trabajo, sin importar cu\u00e1n grande o peque\u00f1o sea el proyecto. Nos preocupamos por nuestro trabajo, por brindar un excelente servicio y por satisfacer a nuestros clientes.<\/p><p><b>Integridad:<\/b>\u00a0Creemos que la confianza se gana. Actuamos con integridad y honestidad para ganarnos la confianza de nuestros clientes a trav\u00e9s de nuestro trabajo, decisiones e interacciones.<\/p><p><b>Objetividad:<\/b>\u00a0No estamos atados a ning\u00fan enfoque, soluci\u00f3n o producto. En lugar de eso, nos enfocamos en identificar las estrategias m\u00e1s efectivas y sostenibles para sus necesidades espec\u00edficas, ya sea que se trate de servicios de subvenciones, planificaci\u00f3n estrat\u00e9gica, capacitaci\u00f3n o eficiencias operativas.<\/p><p><b>Valor agregado:<\/b>\u00a0Todos nuestros valores subrayan el enfoque singular de nuestra empresa en proporcionar resultados excepcionales para nuestros clientes.<\/p><\/div>\n\t\t\t\t<\/div>\n\t\t\t\t\t\t\t<div class=\"elementor-accordion-item\">\n\t\t\t\t\t<h5 id=\"elementor-tab-title-2674\" class=\"elementor-tab-title\" data-tab=\"4\" role=\"button\" aria-controls=\"elementor-tab-content-2674\" aria-expanded=\"false\">\n\t\t\t\t\t\t\t\t\t\t\t\t\t<span class=\"elementor-accordion-icon elementor-accordion-icon-left\" aria-hidden=\"true\">\n\t\t\t\t\t\t\t\t\t\t\t\t\t\t\t<span class=\"elementor-accordion-icon-closed\"><i class=\"fas fa-chevron-circle-down\"><\/i><\/span>\n\t\t\t\t\t\t\t\t<span class=\"elementor-accordion-icon-opened\"><i class=\"fas fa-chevron-circle-right\"><\/i><\/span>\n\t\t\t\t\t\t\t\t\t\t\t\t\t\t<\/span>\n\t\t\t\t\t\t\t\t\t\t\t\t<a class=\"elementor-accordion-title\" tabindex=\"0\">Compromiso de Sostenibilidad<\/a>\n\t\t\t\t\t<\/h5>\n\t\t\t\t\t<div id=\"elementor-tab-content-2674\" class=\"elementor-tab-content elementor-clearfix\" data-tab=\"4\" role=\"region\" aria-labelledby=\"elementor-tab-title-2674\"><p>Borderland Partners sigue estrictamente las normas ambientales y aplica de manera proactiva estrategias sostenibles en toda la empresa en cada acci\u00f3n y decisi\u00f3n, para beneficiar a nuestros socios, nuestros empleados, nuestra comunidad y nuestro mundo. Estamos comprometidos a asegurar que la salud financiera de nuestra empresa tenga un impacto positivo en el medio ambiente y en la sociedad, mediante la implementaci\u00f3n de pr\u00e1cticas y procedimientos que coloquen la sustentabilidad en el centro de nuestro trabajo.<\/p><\/div>\n\t\t\t\t<\/div>\n\t\t\t\t\t\t\t\t<\/div>\n\t\t\t\t\t\t<\/div>\n\t\t\t\t<\/div>\n\t\t\t\t\t<\/div>\n\t\t<\/div>\n\t\t\t\t<div class=\"elementor-column elementor-col-50 elementor-top-column elementor-element elementor-element-eb94a71\" data-id=\"eb94a71\" data-element_type=\"column\">\n\t\t\t<div class=\"elementor-widget-wrap elementor-element-populated\">\n\t\t\t\t\t\t<div class=\"elementor-element elementor-element-2c73334 elementor-widget elementor-widget-image\" data-id=\"2c73334\" data-element_type=\"widget\" data-widget_type=\"image.default\">\n\t\t\t\t<div class=\"elementor-widget-container\">\n\t\t\t\t\t\t\t\t\t\t\t\t\t\t\t<img decoding=\"async\" src=\"https:\/\/borderland-partners.com\/wp-content\/uploads\/elementor\/thumbs\/world-1-qe840kjmui7hdjasyrl6bcrvzriscegrl8blfsfod8.png\" title=\"mundo\" alt=\"world\" loading=\"lazy\" \/>\t\t\t\t\t\t\t\t\t\t\t\t\t\t\t<\/div>\n\t\t\t\t<\/div>\n\t\t\t\t\t<\/div>\n\t\t<\/div>\n\t\t\t\t\t<\/div>\n\t\t<\/section>\n\t\t\t\t<section class=\"elementor-section elementor-top-section elementor-element elementor-element-18d42a05 elementor-section-height-min-height elementor-section-boxed elementor-section-height-default elementor-section-items-middle\" data-id=\"18d42a05\" data-element_type=\"section\" data-settings=\"{&quot;background_background&quot;:&quot;classic&quot;}\">\n\t\t\t\t\t\t<div class=\"elementor-container elementor-column-gap-default\">\n\t\t\t\t\t<div class=\"elementor-column elementor-col-33 elementor-top-column elementor-element elementor-element-560e2dd2\" data-id=\"560e2dd2\" data-element_type=\"column\">\n\t\t\t<div class=\"elementor-widget-wrap elementor-element-populated\">\n\t\t\t\t\t\t<div class=\"elementor-element elementor-element-3751cccd elementor-mobile-align-center elementor-widget elementor-widget-button\" data-id=\"3751cccd\" data-element_type=\"widget\" data-widget_type=\"button.default\">\n\t\t\t\t<div class=\"elementor-widget-container\">\n\t\t\t\t\t\t\t\t\t<div class=\"elementor-button-wrapper\">\n\t\t\t\t\t<a class=\"elementor-button elementor-button-link elementor-size-md\" href=\"\/es\/contact\/\">\n\t\t\t\t\t\t<span class=\"elementor-button-content-wrapper\">\n\t\t\t\t\t\t<span class=\"elementor-button-icon\">\n\t\t\t\t<i aria-hidden=\"true\" class=\"fas fa-comment-dots\"><\/i>\t\t\t<\/span>\n\t\t\t\t\t\t\t\t\t<span class=\"elementor-button-text\"> PRIMERA CONSULTA GRATIS <\/span>\n\t\t\t\t\t<\/span>\n\t\t\t\t\t<\/a>\n\t\t\t\t<\/div>\n\t\t\t\t\t\t\t\t<\/div>\n\t\t\t\t<\/div>\n\t\t\t\t\t<\/div>\n\t\t<\/div>\n\t\t\t\t<div class=\"elementor-column elementor-col-66 elementor-top-column elementor-element elementor-element-e322394\" data-id=\"e322394\" data-element_type=\"column\" data-settings=\"{&quot;background_background&quot;:&quot;classic&quot;}\">\n\t\t\t<div class=\"elementor-widget-wrap elementor-element-populated\">\n\t\t\t\t\t\t<div class=\"elementor-element elementor-element-baa1627 elementor-widget__width-inherit elementor-widget elementor-widget-heading\" data-id=\"baa1627\" data-element_type=\"widget\" data-widget_type=\"heading.default\">\n\t\t\t\t<div class=\"elementor-widget-container\">\n\t\t\t\t\t<h3 class=\"elementor-heading-title elementor-size-default\">Ayudamos a garantizar que nuestros clientes y su fuerza laboral innoven y mejoren para satisfacer las nuevas demandas.<\/h3>\t\t\t\t<\/div>\n\t\t\t\t<\/div>\n\t\t\t\t\t<\/div>\n\t\t<\/div>\n\t\t\t\t\t<\/div>\n\t\t<\/section>\n\t\t\t\t<\/div>","protected":false},"excerpt":{"rendered":"<p>Nuestra Empresa Mejores decisiones, para rehacer el mundo. Misi\u00f3n En Borderland Partners LLC, trabajamos junto con l\u00edderes de organizaciones peque\u00f1as y medianas y sus equipos para mejorar su capacidad de inspirar, innovar, lograr resultados y prosperar a trav\u00e9s de nuestros servicios alineados. Visi\u00f3n Nuestro equipo se esfuerza por rehacer el mundo. Valores Rapidez: Somos una empresa \u00e1gil. Nosotros\u2026&nbsp;<a href=\"https:\/\/borderland-partners.com\/es\/our-company\/\" rel=\"bookmark\">Leer m\u00e1s \u00bb<span class=\"screen-reader-text\">Nuestra Compa\u00f1\u00eda<\/span><\/a><\/p>","protected":false},"author":1,"featured_media":0,"parent":0,"menu_order":0,"comment_status":"closed","ping_status":"closed","template":"","meta":{"neve_meta_sidebar":"","neve_meta_container":"full-width","neve_meta_enable_content_width":"","neve_meta_content_width":0,"neve_meta_title_alignment":"","neve_meta_author_avatar":"","neve_post_elements_order":"","neve_meta_disable_header":"off","neve_meta_disable_footer":"","neve_meta_disable_title":"on","footnotes":""},"class_list":["post-24","page","type-page","status-publish","hentry"],"yoast_head":"<!-- This site is optimized with the Yoast SEO plugin v26.5 - https:\/\/yoast.com\/wordpress\/plugins\/seo\/ -->\n<title>Our Company - Borderland Partners<\/title>\n<meta name=\"robots\" content=\"index, follow, max-snippet:-1, max-image-preview:large, max-video-preview:-1\" \/>\n<link rel=\"canonical\" href=\"https:\/\/borderland-partners.com\/es\/our-company\/\" \/>\n<meta property=\"og:locale\" content=\"es_MX\" \/>\n<meta property=\"og:type\" content=\"article\" \/>\n<meta property=\"og:title\" content=\"Our Company - Borderland Partners\" \/>\n<meta property=\"og:description\" content=\"Our Company Better decisions, to remake the world. Mission At Borderland Partners LLC, we work alongside leaders of small- and mid-sized organizations and their teams to improve their capacity to inspire, innovate, achieve results, and prosper through our aligned services. Vision Our team strives to remake the world. Values Speed:\u00a0We are an agile company. We&hellip;&nbsp;Leer m\u00e1s &raquo;Our Company\" \/>\n<meta property=\"og:url\" content=\"https:\/\/borderland-partners.com\/es\/our-company\/\" \/>\n<meta property=\"og:site_name\" content=\"Borderland Partners\" \/>\n<meta property=\"article:publisher\" content=\"https:\/\/www.facebook.com\/Borderland-Partners-LLC-104452702308317\" \/>\n<meta property=\"article:modified_time\" content=\"2025-10-30T16:34:11+00:00\" \/>\n<meta property=\"og:image\" content=\"https:\/\/borderland-partners.com\/wp-content\/uploads\/elementor\/thumbs\/world-1-qe840kjmui7hdjasyrl6bcrvzriscegrl8blfsfod8.png\" \/>\n<meta name=\"twitter:card\" content=\"summary_large_image\" \/>\n<meta name=\"twitter:site\" content=\"@Borderland_usa\" \/>\n<meta name=\"twitter:label1\" content=\"Tiempo de lectura\" \/>\n\t<meta name=\"twitter:data1\" content=\"2 minutos\" \/>\n<script type=\"application\/ld+json\" class=\"yoast-schema-graph\">{\"@context\":\"https:\/\/schema.org\",\"@graph\":[{\"@type\":\"WebPage\",\"@id\":\"https:\/\/borderland-partners.com\/our-company\/\",\"url\":\"https:\/\/borderland-partners.com\/our-company\/\",\"name\":\"Our Company - Borderland Partners\",\"isPartOf\":{\"@id\":\"https:\/\/borderland-partners.com\/#website\"},\"primaryImageOfPage\":{\"@id\":\"https:\/\/borderland-partners.com\/our-company\/#primaryimage\"},\"image\":{\"@id\":\"https:\/\/borderland-partners.com\/our-company\/#primaryimage\"},\"thumbnailUrl\":\"https:\/\/borderland-partners.com\/wp-content\/uploads\/elementor\/thumbs\/world-1-qe840kjmui7hdjasyrl6bcrvzriscegrl8blfsfod8.png\",\"datePublished\":\"2022-08-23T03:40:23+00:00\",\"dateModified\":\"2025-10-30T16:34:11+00:00\",\"breadcrumb\":{\"@id\":\"https:\/\/borderland-partners.com\/our-company\/#breadcrumb\"},\"inLanguage\":\"es\",\"potentialAction\":[{\"@type\":\"ReadAction\",\"target\":[\"https:\/\/borderland-partners.com\/our-company\/\"]}]},{\"@type\":\"ImageObject\",\"inLanguage\":\"es\",\"@id\":\"https:\/\/borderland-partners.com\/our-company\/#primaryimage\",\"url\":\"https:\/\/borderland-partners.com\/wp-content\/uploads\/elementor\/thumbs\/world-1-qe840kjmui7hdjasyrl6bcrvzriscegrl8blfsfod8.png\",\"contentUrl\":\"https:\/\/borderland-partners.com\/wp-content\/uploads\/elementor\/thumbs\/world-1-qe840kjmui7hdjasyrl6bcrvzriscegrl8blfsfod8.png\"},{\"@type\":\"BreadcrumbList\",\"@id\":\"https:\/\/borderland-partners.com\/our-company\/#breadcrumb\",\"itemListElement\":[{\"@type\":\"ListItem\",\"position\":1,\"name\":\"Home\",\"item\":\"https:\/\/borderland-partners.com\/\"},{\"@type\":\"ListItem\",\"position\":2,\"name\":\"Our Company\"}]},{\"@type\":\"WebSite\",\"@id\":\"https:\/\/borderland-partners.com\/#website\",\"url\":\"https:\/\/borderland-partners.com\/\",\"name\":\"Borderland Partners\",\"description\":\"description\",\"publisher\":{\"@id\":\"https:\/\/borderland-partners.com\/#organization\"},\"potentialAction\":[{\"@type\":\"SearchAction\",\"target\":{\"@type\":\"EntryPoint\",\"urlTemplate\":\"https:\/\/borderland-partners.com\/?s={search_term_string}\"},\"query-input\":{\"@type\":\"PropertyValueSpecification\",\"valueRequired\":true,\"valueName\":\"search_term_string\"}}],\"inLanguage\":\"es\"},{\"@type\":\"Organization\",\"@id\":\"https:\/\/borderland-partners.com\/#organization\",\"name\":\"Borderland Partners\",\"url\":\"https:\/\/borderland-partners.com\/\",\"logo\":{\"@type\":\"ImageObject\",\"inLanguage\":\"es\",\"@id\":\"https:\/\/borderland-partners.com\/#\/schema\/logo\/image\/\",\"url\":\"https:\/\/borderland-partners.com\/wp-content\/uploads\/2022\/08\/logo-principal.png\",\"contentUrl\":\"https:\/\/borderland-partners.com\/wp-content\/uploads\/2022\/08\/logo-principal.png\",\"width\":1000,\"height\":298,\"caption\":\"Borderland Partners\"},\"image\":{\"@id\":\"https:\/\/borderland-partners.com\/#\/schema\/logo\/image\/\"},\"sameAs\":[\"https:\/\/www.facebook.com\/Borderland-Partners-LLC-104452702308317\",\"https:\/\/x.com\/Borderland_usa\",\"https:\/\/www.instagram.com\/borderlandpartnersllc\/\",\"https:\/\/www.linkedin.com\/company\/borderland-partners\/\"]}]}<\/script>\n<!-- \/ Yoast SEO plugin. -->","yoast_head_json":{"title":"Our Company - Borderland Partners","robots":{"index":"index","follow":"follow","max-snippet":"max-snippet:-1","max-image-preview":"max-image-preview:large","max-video-preview":"max-video-preview:-1"},"canonical":"https:\/\/borderland-partners.com\/es\/our-company\/","og_locale":"es_MX","og_type":"article","og_title":"Our Company - Borderland Partners","og_description":"Our Company Better decisions, to remake the world. Mission At Borderland Partners LLC, we work alongside leaders of small- and mid-sized organizations and their teams to improve their capacity to inspire, innovate, achieve results, and prosper through our aligned services. Vision Our team strives to remake the world. Values Speed:\u00a0We are an agile company. We&hellip;&nbsp;Leer m\u00e1s &raquo;Our Company","og_url":"https:\/\/borderland-partners.com\/es\/our-company\/","og_site_name":"Borderland Partners","article_publisher":"https:\/\/www.facebook.com\/Borderland-Partners-LLC-104452702308317","article_modified_time":"2025-10-30T16:34:11+00:00","og_image":[{"url":"https:\/\/borderland-partners.com\/wp-content\/uploads\/elementor\/thumbs\/world-1-qe840kjmui7hdjasyrl6bcrvzriscegrl8blfsfod8.png","type":"","width":"","height":""}],"twitter_card":"summary_large_image","twitter_site":"@Borderland_usa","twitter_misc":{"Tiempo de lectura":"2 minutos"},"schema":{"@context":"https:\/\/schema.org","@graph":[{"@type":"WebPage","@id":"https:\/\/borderland-partners.com\/our-company\/","url":"https:\/\/borderland-partners.com\/our-company\/","name":"Our Company - Borderland Partners","isPartOf":{"@id":"https:\/\/borderland-partners.com\/#website"},"primaryImageOfPage":{"@id":"https:\/\/borderland-partners.com\/our-company\/#primaryimage"},"image":{"@id":"https:\/\/borderland-partners.com\/our-company\/#primaryimage"},"thumbnailUrl":"https:\/\/borderland-partners.com\/wp-content\/uploads\/elementor\/thumbs\/world-1-qe840kjmui7hdjasyrl6bcrvzriscegrl8blfsfod8.png","datePublished":"2022-08-23T03:40:23+00:00","dateModified":"2025-10-30T16:34:11+00:00","breadcrumb":{"@id":"https:\/\/borderland-partners.com\/our-company\/#breadcrumb"},"inLanguage":"es","potentialAction":[{"@type":"ReadAction","target":["https:\/\/borderland-partners.com\/our-company\/"]}]},{"@type":"ImageObject","inLanguage":"es","@id":"https:\/\/borderland-partners.com\/our-company\/#primaryimage","url":"https:\/\/borderland-partners.com\/wp-content\/uploads\/elementor\/thumbs\/world-1-qe840kjmui7hdjasyrl6bcrvzriscegrl8blfsfod8.png","contentUrl":"https:\/\/borderland-partners.com\/wp-content\/uploads\/elementor\/thumbs\/world-1-qe840kjmui7hdjasyrl6bcrvzriscegrl8blfsfod8.png"},{"@type":"BreadcrumbList","@id":"https:\/\/borderland-partners.com\/our-company\/#breadcrumb","itemListElement":[{"@type":"ListItem","position":1,"name":"Home","item":"https:\/\/borderland-partners.com\/"},{"@type":"ListItem","position":2,"name":"Our Company"}]},{"@type":"WebSite","@id":"https:\/\/borderland-partners.com\/#website","url":"https:\/\/borderland-partners.com\/","name":"Socios fronterizos","description":"descripci\u00f3n","publisher":{"@id":"https:\/\/borderland-partners.com\/#organization"},"potentialAction":[{"@type":"SearchAction","target":{"@type":"EntryPoint","urlTemplate":"https:\/\/borderland-partners.com\/?s={search_term_string}"},"query-input":{"@type":"PropertyValueSpecification","valueRequired":true,"valueName":"search_term_string"}}],"inLanguage":"es"},{"@type":"Organization","@id":"https:\/\/borderland-partners.com\/#organization","name":"Socios fronterizos","url":"https:\/\/borderland-partners.com\/","logo":{"@type":"ImageObject","inLanguage":"es","@id":"https:\/\/borderland-partners.com\/#\/schema\/logo\/image\/","url":"https:\/\/borderland-partners.com\/wp-content\/uploads\/2022\/08\/logo-principal.png","contentUrl":"https:\/\/borderland-partners.com\/wp-content\/uploads\/2022\/08\/logo-principal.png","width":1000,"height":298,"caption":"Borderland Partners"},"image":{"@id":"https:\/\/borderland-partners.com\/#\/schema\/logo\/image\/"},"sameAs":["https:\/\/www.facebook.com\/Borderland-Partners-LLC-104452702308317","https:\/\/x.com\/Borderland_usa","https:\/\/www.instagram.com\/borderlandpartnersllc\/","https:\/\/www.linkedin.com\/company\/borderland-partners\/"]}]}},"jetpack_sharing_enabled":true,"_links":{"self":[{"href":"https:\/\/borderland-partners.com\/es\/wp-json\/wp\/v2\/pages\/24","targetHints":{"allow":["GET"]}}],"collection":[{"href":"https:\/\/borderland-partners.com\/es\/wp-json\/wp\/v2\/pages"}],"about":[{"href":"https:\/\/borderland-partners.com\/es\/wp-json\/wp\/v2\/types\/page"}],"author":[{"embeddable":true,"href":"https:\/\/borderland-partners.com\/es\/wp-json\/wp\/v2\/users\/1"}],"replies":[{"embeddable":true,"href":"https:\/\/borderland-partners.com\/es\/wp-json\/wp\/v2\/comments?post=24"}],"version-history":[{"count":153,"href":"https:\/\/borderland-partners.com\/es\/wp-json\/wp\/v2\/pages\/24\/revisions"}],"predecessor-version":[{"id":2696,"href":"https:\/\/borderland-partners.com\/es\/wp-json\/wp\/v2\/pages\/24\/revisions\/2696"}],"wp:attachment":[{"href":"https:\/\/borderland-partners.com\/es\/wp-json\/wp\/v2\/media?parent=24"}],"curies":[{"name":"wp","href":"https:\/\/api.w.org\/{rel}","templated":true}]}}