{"id":316,"date":"2022-08-25T17:44:15","date_gmt":"2022-08-25T17:44:15","guid":{"rendered":"https:\/\/borderland-partners-dev.ml\/?page_id=316"},"modified":"2025-10-30T12:37:20","modified_gmt":"2025-10-30T16:37:20","slug":"contact","status":"publish","type":"page","link":"https:\/\/borderland-partners.com\/es\/contact\/","title":{"rendered":"Contacto"},"content":{"rendered":"<div data-elementor-type=\"wp-page\" data-elementor-id=\"316\" class=\"elementor elementor-316\">\n\t\t\t\t\t\t<section class=\"elementor-section elementor-top-section elementor-element elementor-element-41bcaac9 elementor-section-full_width elementor-section-height-default elementor-section-height-default\" data-id=\"41bcaac9\" data-element_type=\"section\" data-settings=\"{&quot;background_background&quot;:&quot;classic&quot;}\">\n\t\t\t\t\t\t<div class=\"elementor-container elementor-column-gap-default\">\n\t\t\t\t\t<div class=\"elementor-column elementor-col-100 elementor-top-column elementor-element elementor-element-22ab2a46\" data-id=\"22ab2a46\" data-element_type=\"column\">\n\t\t\t<div class=\"elementor-widget-wrap elementor-element-populated\">\n\t\t\t\t\t\t<div class=\"elementor-element elementor-element-ab33f04 elementor-widget elementor-widget-heading\" data-id=\"ab33f04\" data-element_type=\"widget\" data-widget_type=\"heading.default\">\n\t\t\t\t<div class=\"elementor-widget-container\">\n\t\t\t\t\t<h1 class=\"elementor-heading-title elementor-size-default\">SIGAMOS EN CONTACTO\n<\/h1>\t\t\t\t<\/div>\n\t\t\t\t<\/div>\n\t\t\t\t<div class=\"elementor-element elementor-element-2260b3b4 elementor-widget elementor-widget-heading\" data-id=\"2260b3b4\" data-element_type=\"widget\" data-widget_type=\"heading.default\">\n\t\t\t\t<div class=\"elementor-widget-container\">\n\t\t\t\t\t<h5 class=\"elementor-heading-title elementor-size-default\">LA PRIMERA CONSULTA ES GRATIS\n<\/h5>\t\t\t\t<\/div>\n\t\t\t\t<\/div>\n\t\t\t\t\t<\/div>\n\t\t<\/div>\n\t\t\t\t\t<\/div>\n\t\t<\/section>\n\t\t\t\t<section class=\"elementor-section elementor-top-section elementor-element elementor-element-404b8efe elementor-section-boxed elementor-section-height-default elementor-section-height-default\" data-id=\"404b8efe\" data-element_type=\"section\">\n\t\t\t\t\t\t<div class=\"elementor-container elementor-column-gap-default\">\n\t\t\t\t\t<div class=\"elementor-column elementor-col-33 elementor-top-column elementor-element elementor-element-30a3c4b1\" data-id=\"30a3c4b1\" data-element_type=\"column\">\n\t\t\t<div class=\"elementor-widget-wrap elementor-element-populated\">\n\t\t\t\t\t\t<div class=\"elementor-element elementor-element-387ee1ab elementor-widget elementor-widget-text-editor\" data-id=\"387ee1ab\" data-element_type=\"widget\" data-widget_type=\"text-editor.default\">\n\t\t\t\t<div class=\"elementor-widget-container\">\n\t\t\t\t\t\t\t\t\t<blockquote>\n<h3 class=\"elementor-heading-title elementor-size-default\"><span style=\"color: #333333;\">Para realizar solicitudes de m\u00e1s informaci\u00f3n,\u00a0<span class=\"text-color-primary\"><span style=\"color: #086ad8;\">Cont\u00e1ctenos<\/span>\u00a0<\/span> a trav\u00e9s de nuestros canales sociales.<\/span><\/h3>\n<\/blockquote>\t\t\t\t\t\t\t\t<\/div>\n\t\t\t\t<\/div>\n\t\t\t\t\t<\/div>\n\t\t<\/div>\n\t\t\t\t<div class=\"elementor-column elementor-col-66 elementor-top-column elementor-element elementor-element-192f5fd1\" data-id=\"192f5fd1\" data-element_type=\"column\">\n\t\t\t<div class=\"elementor-widget-wrap elementor-element-populated\">\n\t\t\t\t\t\t<div class=\"elementor-element elementor-element-fd5d9e8 elementor-widget elementor-widget-wpforms\" data-id=\"fd5d9e8\" data-element_type=\"widget\" data-widget_type=\"wpforms.default\">\n\t\t\t\t<div class=\"elementor-widget-container\">\n\t\t\t\t\t<div class=\"wpforms-container wpforms-container-full\" id=\"wpforms-721\"><form id=\"wpforms-form-721\" class=\"wpforms-validate wpforms-form wpforms-ajax-form\" data-formid=\"721\" method=\"post\" enctype=\"multipart\/form-data\" action=\"\/es\/wp-json\/wp\/v2\/pages\/316\" data-token=\"79ce686f4ef6442dd6dfe9802015c6b3\" data-token-time=\"1775328028\" data-trp-original-action=\"\/es\/wp-json\/wp\/v2\/pages\/316\"><noscript class=\"wpforms-error-noscript\">Por favor, activa JavaScript en tu navegador para completar este formulario.<\/noscript><div class=\"wpforms-field-container\"><div id=\"wpforms-721-field_3-container\" class=\"wpforms-field wpforms-field-name wpforms-one-half wpforms-first\" data-field-id=\"3\"><label class=\"wpforms-field-label wpforms-label-hide\" for=\"wpforms-721-field_3\">Nombre <span class=\"wpforms-required-label\">*<\/span><\/label><input type=\"text\" id=\"wpforms-721-field_3\" class=\"wpforms-field-large wpforms-field-required\" name=\"wpforms[fields][3]\" placeholder=\"Nombre\" required><\/div><div id=\"wpforms-721-field_1-container\" class=\"wpforms-field wpforms-field-email wpforms-one-half\" data-field-id=\"1\"><label class=\"wpforms-field-label wpforms-label-hide\" for=\"wpforms-721-field_1\">Correo electr\u00f3nico <span class=\"wpforms-required-label\">*<\/span><\/label><input type=\"email\" id=\"wpforms-721-field_1\" class=\"wpforms-field-large wpforms-field-required\" name=\"wpforms[fields][1]\" placeholder=\"Correo electr\u00f3nico\" spellcheck=\"false\" required><\/div><div id=\"wpforms-721-field_7-container\" class=\"wpforms-field wpforms-field-text\" data-field-id=\"7\"><label class=\"wpforms-field-label wpforms-label-hide\" for=\"wpforms-721-field_7\">Tema <span class=\"wpforms-required-label\">*<\/span><\/label><input type=\"text\" id=\"wpforms-721-field_7\" class=\"wpforms-field-large wpforms-field-required\" name=\"wpforms[fields][7]\" placeholder=\"Tema\" required><\/div><div id=\"wpforms-721-field_6-container\" class=\"wpforms-field wpforms-field-textarea\" data-field-id=\"6\"><label class=\"wpforms-field-label wpforms-label-hide\" for=\"wpforms-721-field_6\">como podemos ayudarte? No olvide indicarnos cu\u00e1l es el \u00e1rea de su inter\u00e9s: Manufactura, log\u00edstica, educaci\u00f3n u otra.<\/label><textarea id=\"wpforms-721-field_6\" class=\"wpforms-field-medium\" name=\"wpforms[fields][6]\" placeholder=\"como podemos ayudarte? No olvide indicarnos cu\u00e1l es el \u00e1rea de su inter\u00e9s: Manufactura, log\u00edstica, educaci\u00f3n u otra.\" ><\/textarea><\/div><\/div><!-- .wpforms-field-container --><div class=\"wpforms-submit-container\" ><input type=\"hidden\" name=\"wpforms[id]\" value=\"721\"><input type=\"hidden\" name=\"page_title\" value=\"\"><input type=\"hidden\" name=\"page_url\" value=\"https:\/\/borderland-partners.com\/es\/wp-json\/wp\/v2\/pages\/316\"><input type=\"hidden\" name=\"url_referer\" value=\"\"><button type=\"submit\" name=\"wpforms[submit]\" id=\"wpforms-submit-721\" class=\"wpforms-submit elementor-button-link elementor-button elementor-size-md\" data-alt-text=\"Sending...\" data-submit-text=\"Send message\" aria-live=\"assertive\" value=\"wpforms-submit\">Enviar mensaje<\/button><img decoding=\"async\" src=\"https:\/\/borderland-partners.com\/wp-content\/plugins\/wpforms-lite\/assets\/images\/submit-spin.svg\" class=\"wpforms-submit-spinner\" style=\"display: none;\" width=\"26\" height=\"26\" alt=\"Cargando\"><\/div><input type=\"hidden\" name=\"trp-form-language\" value=\"es\"\/><\/form><\/div>  <!-- .wpforms-container -->\t\t\t\t<\/div>\n\t\t\t\t<\/div>\n\t\t\t\t\t<\/div>\n\t\t<\/div>\n\t\t\t\t\t<\/div>\n\t\t<\/section>\n\t\t\t\t<\/div>","protected":false},"excerpt":{"rendered":"<p>LET&#8217;S KEEP IN CONTACT FIRST CONSULTATION IS FREE To make requests for further information,\u00a0contact us\u00a0 via our social channels. Please enable JavaScript in your browser to complete this form.Name *Email *Subject *How can we help you? Do not forget to let us know what is the area of your interest: Manufacturing, logistics, education or some&hellip;&nbsp;<a href=\"https:\/\/borderland-partners.com\/es\/contact\/\" rel=\"bookmark\">Leer m\u00e1s \u00bb<span class=\"screen-reader-text\">Contacto<\/span><\/a><\/p>","protected":false},"author":1,"featured_media":0,"parent":0,"menu_order":0,"comment_status":"closed","ping_status":"closed","template":"","meta":{"neve_meta_sidebar":"","neve_meta_container":"full-width","neve_meta_enable_content_width":"","neve_meta_content_width":0,"neve_meta_title_alignment":"","neve_meta_author_avatar":"","neve_post_elements_order":"","neve_meta_disable_header":"","neve_meta_disable_footer":"","neve_meta_disable_title":"on","footnotes":""},"class_list":["post-316","page","type-page","status-publish","hentry"],"yoast_head":"<!-- This site is optimized with the Yoast SEO plugin v26.5 - https:\/\/yoast.com\/wordpress\/plugins\/seo\/ -->\n<title>Contact - Borderland Partners<\/title>\n<meta name=\"robots\" content=\"index, follow, max-snippet:-1, max-image-preview:large, max-video-preview:-1\" \/>\n<link rel=\"canonical\" href=\"https:\/\/borderland-partners.com\/es\/contact\/\" \/>\n<meta property=\"og:locale\" content=\"es_MX\" \/>\n<meta property=\"og:type\" content=\"article\" \/>\n<meta property=\"og:title\" content=\"Contact - Borderland Partners\" \/>\n<meta property=\"og:description\" content=\"LET&#8217;S KEEP IN CONTACT FIRST CONSULTATION IS FREE To make requests for further information,\u00a0contact us\u00a0 via our social channels. Please enable JavaScript in your browser to complete this form.Name *Email *Subject *How can we help you? Do not forget to let us know what is the area of your interest: Manufacturing, logistics, education or some&hellip;&nbsp;Leer m\u00e1s &raquo;Contact\" \/>\n<meta property=\"og:url\" content=\"https:\/\/borderland-partners.com\/es\/contact\/\" \/>\n<meta property=\"og:site_name\" content=\"Borderland Partners\" \/>\n<meta property=\"article:publisher\" content=\"https:\/\/www.facebook.com\/Borderland-Partners-LLC-104452702308317\" \/>\n<meta property=\"article:modified_time\" content=\"2025-10-30T16:37:20+00:00\" \/>\n<meta property=\"og:image\" content=\"https:\/\/borderland-partners.com\/wp-content\/plugins\/wpforms-lite\/assets\/images\/submit-spin.svg\" \/>\n<meta name=\"twitter:card\" content=\"summary_large_image\" \/>\n<meta name=\"twitter:site\" content=\"@Borderland_usa\" \/>\n<meta name=\"twitter:label1\" content=\"Tiempo de lectura\" \/>\n\t<meta name=\"twitter:data1\" content=\"1 minuto\" \/>\n<script type=\"application\/ld+json\" class=\"yoast-schema-graph\">{\"@context\":\"https:\/\/schema.org\",\"@graph\":[{\"@type\":\"WebPage\",\"@id\":\"https:\/\/borderland-partners.com\/contact\/\",\"url\":\"https:\/\/borderland-partners.com\/contact\/\",\"name\":\"Contact - Borderland Partners\",\"isPartOf\":{\"@id\":\"https:\/\/borderland-partners.com\/#website\"},\"primaryImageOfPage\":{\"@id\":\"https:\/\/borderland-partners.com\/contact\/#primaryimage\"},\"image\":{\"@id\":\"https:\/\/borderland-partners.com\/contact\/#primaryimage\"},\"thumbnailUrl\":\"https:\/\/borderland-partners.com\/wp-content\/plugins\/wpforms-lite\/assets\/images\/submit-spin.svg\",\"datePublished\":\"2022-08-25T17:44:15+00:00\",\"dateModified\":\"2025-10-30T16:37:20+00:00\",\"breadcrumb\":{\"@id\":\"https:\/\/borderland-partners.com\/contact\/#breadcrumb\"},\"inLanguage\":\"es\",\"potentialAction\":[{\"@type\":\"ReadAction\",\"target\":[\"https:\/\/borderland-partners.com\/contact\/\"]}]},{\"@type\":\"ImageObject\",\"inLanguage\":\"es\",\"@id\":\"https:\/\/borderland-partners.com\/contact\/#primaryimage\",\"url\":\"https:\/\/borderland-partners.com\/wp-content\/plugins\/wpforms-lite\/assets\/images\/submit-spin.svg\",\"contentUrl\":\"https:\/\/borderland-partners.com\/wp-content\/plugins\/wpforms-lite\/assets\/images\/submit-spin.svg\"},{\"@type\":\"BreadcrumbList\",\"@id\":\"https:\/\/borderland-partners.com\/contact\/#breadcrumb\",\"itemListElement\":[{\"@type\":\"ListItem\",\"position\":1,\"name\":\"Home\",\"item\":\"https:\/\/borderland-partners.com\/\"},{\"@type\":\"ListItem\",\"position\":2,\"name\":\"Contact\"}]},{\"@type\":\"WebSite\",\"@id\":\"https:\/\/borderland-partners.com\/#website\",\"url\":\"https:\/\/borderland-partners.com\/\",\"name\":\"Borderland Partners\",\"description\":\"description\",\"publisher\":{\"@id\":\"https:\/\/borderland-partners.com\/#organization\"},\"potentialAction\":[{\"@type\":\"SearchAction\",\"target\":{\"@type\":\"EntryPoint\",\"urlTemplate\":\"https:\/\/borderland-partners.com\/?s={search_term_string}\"},\"query-input\":{\"@type\":\"PropertyValueSpecification\",\"valueRequired\":true,\"valueName\":\"search_term_string\"}}],\"inLanguage\":\"es\"},{\"@type\":\"Organization\",\"@id\":\"https:\/\/borderland-partners.com\/#organization\",\"name\":\"Borderland Partners\",\"url\":\"https:\/\/borderland-partners.com\/\",\"logo\":{\"@type\":\"ImageObject\",\"inLanguage\":\"es\",\"@id\":\"https:\/\/borderland-partners.com\/#\/schema\/logo\/image\/\",\"url\":\"https:\/\/borderland-partners.com\/wp-content\/uploads\/2022\/08\/logo-principal.png\",\"contentUrl\":\"https:\/\/borderland-partners.com\/wp-content\/uploads\/2022\/08\/logo-principal.png\",\"width\":1000,\"height\":298,\"caption\":\"Borderland Partners\"},\"image\":{\"@id\":\"https:\/\/borderland-partners.com\/#\/schema\/logo\/image\/\"},\"sameAs\":[\"https:\/\/www.facebook.com\/Borderland-Partners-LLC-104452702308317\",\"https:\/\/x.com\/Borderland_usa\",\"https:\/\/www.instagram.com\/borderlandpartnersllc\/\",\"https:\/\/www.linkedin.com\/company\/borderland-partners\/\"]}]}<\/script>\n<!-- \/ Yoast SEO plugin. -->","yoast_head_json":{"title":"Contact - Borderland Partners","robots":{"index":"index","follow":"follow","max-snippet":"max-snippet:-1","max-image-preview":"max-image-preview:large","max-video-preview":"max-video-preview:-1"},"canonical":"https:\/\/borderland-partners.com\/es\/contact\/","og_locale":"es_MX","og_type":"article","og_title":"Contact - Borderland Partners","og_description":"LET&#8217;S KEEP IN CONTACT FIRST CONSULTATION IS FREE To make requests for further information,\u00a0contact us\u00a0 via our social channels. Please enable JavaScript in your browser to complete this form.Name *Email *Subject *How can we help you? Do not forget to let us know what is the area of your interest: Manufacturing, logistics, education or some&hellip;&nbsp;Leer m\u00e1s &raquo;Contact","og_url":"https:\/\/borderland-partners.com\/es\/contact\/","og_site_name":"Borderland Partners","article_publisher":"https:\/\/www.facebook.com\/Borderland-Partners-LLC-104452702308317","article_modified_time":"2025-10-30T16:37:20+00:00","og_image":[{"url":"https:\/\/borderland-partners.com\/wp-content\/plugins\/wpforms-lite\/assets\/images\/submit-spin.svg","type":"","width":"","height":""}],"twitter_card":"summary_large_image","twitter_site":"@Borderland_usa","twitter_misc":{"Tiempo de lectura":"1 minuto"},"schema":{"@context":"https:\/\/schema.org","@graph":[{"@type":"WebPage","@id":"https:\/\/borderland-partners.com\/contact\/","url":"https:\/\/borderland-partners.com\/contact\/","name":"Contact - Borderland Partners","isPartOf":{"@id":"https:\/\/borderland-partners.com\/#website"},"primaryImageOfPage":{"@id":"https:\/\/borderland-partners.com\/contact\/#primaryimage"},"image":{"@id":"https:\/\/borderland-partners.com\/contact\/#primaryimage"},"thumbnailUrl":"https:\/\/borderland-partners.com\/wp-content\/plugins\/wpforms-lite\/assets\/images\/submit-spin.svg","datePublished":"2022-08-25T17:44:15+00:00","dateModified":"2025-10-30T16:37:20+00:00","breadcrumb":{"@id":"https:\/\/borderland-partners.com\/contact\/#breadcrumb"},"inLanguage":"es","potentialAction":[{"@type":"ReadAction","target":["https:\/\/borderland-partners.com\/contact\/"]}]},{"@type":"ImageObject","inLanguage":"es","@id":"https:\/\/borderland-partners.com\/contact\/#primaryimage","url":"https:\/\/borderland-partners.com\/wp-content\/plugins\/wpforms-lite\/assets\/images\/submit-spin.svg","contentUrl":"https:\/\/borderland-partners.com\/wp-content\/plugins\/wpforms-lite\/assets\/images\/submit-spin.svg"},{"@type":"BreadcrumbList","@id":"https:\/\/borderland-partners.com\/contact\/#breadcrumb","itemListElement":[{"@type":"ListItem","position":1,"name":"Home","item":"https:\/\/borderland-partners.com\/"},{"@type":"ListItem","position":2,"name":"Contact"}]},{"@type":"WebSite","@id":"https:\/\/borderland-partners.com\/#website","url":"https:\/\/borderland-partners.com\/","name":"Socios fronterizos","description":"descripci\u00f3n","publisher":{"@id":"https:\/\/borderland-partners.com\/#organization"},"potentialAction":[{"@type":"SearchAction","target":{"@type":"EntryPoint","urlTemplate":"https:\/\/borderland-partners.com\/?s={search_term_string}"},"query-input":{"@type":"PropertyValueSpecification","valueRequired":true,"valueName":"search_term_string"}}],"inLanguage":"es"},{"@type":"Organization","@id":"https:\/\/borderland-partners.com\/#organization","name":"Socios fronterizos","url":"https:\/\/borderland-partners.com\/","logo":{"@type":"ImageObject","inLanguage":"es","@id":"https:\/\/borderland-partners.com\/#\/schema\/logo\/image\/","url":"https:\/\/borderland-partners.com\/wp-content\/uploads\/2022\/08\/logo-principal.png","contentUrl":"https:\/\/borderland-partners.com\/wp-content\/uploads\/2022\/08\/logo-principal.png","width":1000,"height":298,"caption":"Borderland Partners"},"image":{"@id":"https:\/\/borderland-partners.com\/#\/schema\/logo\/image\/"},"sameAs":["https:\/\/www.facebook.com\/Borderland-Partners-LLC-104452702308317","https:\/\/x.com\/Borderland_usa","https:\/\/www.instagram.com\/borderlandpartnersllc\/","https:\/\/www.linkedin.com\/company\/borderland-partners\/"]}]}},"jetpack_sharing_enabled":true,"_links":{"self":[{"href":"https:\/\/borderland-partners.com\/es\/wp-json\/wp\/v2\/pages\/316","targetHints":{"allow":["GET"]}}],"collection":[{"href":"https:\/\/borderland-partners.com\/es\/wp-json\/wp\/v2\/pages"}],"about":[{"href":"https:\/\/borderland-partners.com\/es\/wp-json\/wp\/v2\/types\/page"}],"author":[{"embeddable":true,"href":"https:\/\/borderland-partners.com\/es\/wp-json\/wp\/v2\/users\/1"}],"replies":[{"embeddable":true,"href":"https:\/\/borderland-partners.com\/es\/wp-json\/wp\/v2\/comments?post=316"}],"version-history":[{"count":19,"href":"https:\/\/borderland-partners.com\/es\/wp-json\/wp\/v2\/pages\/316\/revisions"}],"predecessor-version":[{"id":2702,"href":"https:\/\/borderland-partners.com\/es\/wp-json\/wp\/v2\/pages\/316\/revisions\/2702"}],"wp:attachment":[{"href":"https:\/\/borderland-partners.com\/es\/wp-json\/wp\/v2\/media?parent=316"}],"curies":[{"name":"wp","href":"https:\/\/api.w.org\/{rel}","templated":true}]}}